{"id":170,"date":"2025-08-18T14:22:02","date_gmt":"2025-08-18T14:22:02","guid":{"rendered":"https:\/\/www.ehekoolitus.ee\/?page_id=170"},"modified":"2025-08-18T15:56:15","modified_gmt":"2025-08-18T15:56:15","slug":"koolitus_haridusasutustele","status":"publish","type":"page","link":"https:\/\/ehekoolitus.ee\/?page_id=170","title":{"rendered":"Koolitus_haridusasutustele"},"content":{"rendered":"\t\t<div data-elementor-type=\"wp-page\" data-elementor-id=\"170\" class=\"elementor elementor-170\">\n\t\t\t\t\t\t<section class=\"elementor-section elementor-top-section elementor-element elementor-element-29e3c8b3 elementor-section-full_width elementor-section-height-default elementor-section-height-default\" data-id=\"29e3c8b3\" data-element_type=\"section\" data-settings=\"{&quot;background_background&quot;:&quot;classic&quot;}\">\n\t\t\t\t\t\t<div class=\"elementor-container elementor-column-gap-default\">\n\t\t\t\t\t<div class=\"elementor-column elementor-col-50 elementor-top-column elementor-element elementor-element-2fadd46c\" data-id=\"2fadd46c\" data-element_type=\"column\">\n\t\t\t<div class=\"elementor-widget-wrap\">\n\t\t\t\t\t\t\t<\/div>\n\t\t<\/div>\n\t\t\t\t<div class=\"elementor-column elementor-col-50 elementor-top-column elementor-element elementor-element-2bd37ca7\" data-id=\"2bd37ca7\" data-element_type=\"column\" data-settings=\"{&quot;background_background&quot;:&quot;classic&quot;}\">\n\t\t\t<div class=\"elementor-widget-wrap elementor-element-populated\">\n\t\t\t\t\t\t<div class=\"elementor-element elementor-element-4a067fc2 elementor-widget__width-initial elementor-widget-tablet__width-initial elementor-widget elementor-widget-heading\" data-id=\"4a067fc2\" data-element_type=\"widget\" data-widget_type=\"heading.default\">\n\t\t\t\t\t<h2 class=\"elementor-heading-title elementor-size-default\">Koolitus haridusasutustele<\/h2>\t\t\t\t<\/div>\n\t\t\t\t<div class=\"elementor-element elementor-element-33a1fac1 elementor-widget__width-initial elementor-widget-mobile__width-initial elementor-widget-tablet__width-initial elementor-widget elementor-widget-text-editor\" data-id=\"33a1fac1\" data-element_type=\"widget\" data-widget_type=\"text-editor.default\">\n\t\t\t\t\t\t\t\t\t<p>Kuidas juhtida oma emotsioone ja suhteid? Kuidas \u00f5petada noortele suhtlemis- ja enesekohaseid oskusi?<\/p>\t\t\t\t\t\t\t\t<\/div>\n\t\t\t\t<div class=\"elementor-element elementor-element-17352aa9 elementor-widget__width-initial elementor-widget-divider--view-line elementor-widget elementor-widget-divider\" data-id=\"17352aa9\" data-element_type=\"widget\" data-widget_type=\"divider.default\">\n\t\t\t\t\t\t\t<div class=\"elementor-divider\">\n\t\t\t<span class=\"elementor-divider-separator\">\n\t\t\t\t\t\t<\/span>\n\t\t<\/div>\n\t\t\t\t\t\t<\/div>\n\t\t\t\t\t<\/div>\n\t\t<\/div>\n\t\t\t\t\t<\/div>\n\t\t<\/section>\n\t\t\t\t<section class=\"elementor-section elementor-top-section elementor-element elementor-element-157d9593 elementor-section-boxed elementor-section-height-default elementor-section-height-default\" data-id=\"157d9593\" data-element_type=\"section\">\n\t\t\t\t\t\t<div class=\"elementor-container elementor-column-gap-default\">\n\t\t\t\t\t<div class=\"elementor-column elementor-col-100 elementor-top-column elementor-element elementor-element-5c7f072a\" data-id=\"5c7f072a\" data-element_type=\"column\">\n\t\t\t<div class=\"elementor-widget-wrap elementor-element-populated\">\n\t\t\t\t\t\t<div class=\"elementor-element elementor-element-d56103e elementor-widget__width-initial elementor-widget-mobile__width-initial elementor-widget elementor-widget-text-editor\" data-id=\"d56103e\" data-element_type=\"widget\" data-widget_type=\"text-editor.default\">\n\t\t\t\t\t\t\t\t\t<p><span class=\"color_36\">Koolitus \u201cKuidas juhtida oma emotsioone ja suhteid?\u201d on m\u00f5eldud kaasaegsete suhtlemis-, koost\u00f6\u00f6 ja enesejuhtimisoskuste \u00f5ppimiseks ning ka nende teadmiste edasiandmiseks noortele.<\/span><\/p>\t\t\t\t\t\t\t\t<\/div>\n\t\t\t\t\t<\/div>\n\t\t<\/div>\n\t\t\t\t\t<\/div>\n\t\t<\/section>\n\t\t\t\t<section class=\"elementor-section elementor-top-section elementor-element elementor-element-7d7e623e elementor-section-boxed elementor-section-height-default elementor-section-height-default\" data-id=\"7d7e623e\" data-element_type=\"section\" data-settings=\"{&quot;background_background&quot;:&quot;classic&quot;}\">\n\t\t\t\t\t\t<div class=\"elementor-container elementor-column-gap-default\">\n\t\t\t\t\t<div class=\"elementor-column elementor-col-100 elementor-top-column elementor-element elementor-element-39cc033f\" data-id=\"39cc033f\" data-element_type=\"column\">\n\t\t\t<div class=\"elementor-widget-wrap elementor-element-populated\">\n\t\t\t\t\t\t<div class=\"elementor-element elementor-element-5f3639d2 elementor-widget__width-initial elementor-widget-tablet__width-initial elementor-widget-mobile__width-initial elementor-widget elementor-widget-heading\" data-id=\"5f3639d2\" data-element_type=\"widget\" data-widget_type=\"heading.default\">\n\t\t\t\t\t<h2 class=\"elementor-heading-title elementor-size-default\">Koolituse sisukirjeldus<\/h2>\t\t\t\t<\/div>\n\t\t\t\t<div class=\"elementor-element elementor-element-2e86b9d3 elementor-widget__width-initial elementor-widget-mobile__width-initial elementor-widget elementor-widget-text-editor\" data-id=\"2e86b9d3\" data-element_type=\"widget\" data-widget_type=\"text-editor.default\">\n\t\t\t\t\t\t\t\t\t<p>Selle koolituse raames \u00f5pitakse (ja tehakse koos l\u00e4bi) praktilisi tehnikaid kaasaegsete suhtlemis-, koost\u00f6\u00f6 ja enesejuhtimisoskuste omandamiseks ja \u00f5petamiseks. Samuti tutvustatakse suhtlemis\u00f5ppe materjalide kasutamisv\u00f5imalusi. Vaadatakse ka m\u00f5ningaid \u00f5ppevideosid ning antakse n\u00f5u, kus ja kuidas neid kasutada saaks. \u00d5pitakse nii enesekohaseid oskusi (kas ja kuidas on v\u00f5imalik juhtida oma tundeid, kuidas keerulistes olukordades m\u00f5elda) kui ka suhtlemisoskusi (negatiivse tagasiside andmine hinnanguvabal viisil, selge enesev\u00e4ljendus, konfliktide v\u00e4ltimine ja lahendamine, teiste inimeste emotsioonidega toimetulek). Koolituse l\u00f5puks on osalejad omandanud suhtlemisoskusi ja -praktikaid, mida nii ise tulevikus kasutada kui ka noortele \u00f5petada.<\/p>\t\t\t\t\t\t\t\t<\/div>\n\t\t\t\t\t<\/div>\n\t\t<\/div>\n\t\t\t\t\t<\/div>\n\t\t<\/section>\n\t\t\t\t<section class=\"elementor-section elementor-top-section elementor-element elementor-element-391007e7 elementor-section-boxed elementor-section-height-default elementor-section-height-default\" data-id=\"391007e7\" data-element_type=\"section\">\n\t\t\t\t\t\t<div class=\"elementor-container elementor-column-gap-default\">\n\t\t\t\t\t<div class=\"elementor-column elementor-col-100 elementor-top-column elementor-element elementor-element-58a22f64\" data-id=\"58a22f64\" data-element_type=\"column\">\n\t\t\t<div class=\"elementor-widget-wrap elementor-element-populated\">\n\t\t\t\t\t\t<div class=\"elementor-element elementor-element-50f87c98 elementor-widget__width-initial elementor-widget-tablet__width-initial elementor-widget-mobile__width-initial elementor-widget elementor-widget-heading\" data-id=\"50f87c98\" data-element_type=\"widget\" data-widget_type=\"heading.default\">\n\t\t\t\t\t<h2 class=\"elementor-heading-title elementor-size-default\">Koolitusel k\u00e4sitletavad teemad<\/h2>\t\t\t\t<\/div>\n\t\t\t\t\t<\/div>\n\t\t<\/div>\n\t\t\t\t\t<\/div>\n\t\t<\/section>\n\t\t\t\t<section class=\"elementor-section elementor-top-section elementor-element elementor-element-70a0b177 elementor-section-boxed elementor-section-height-default elementor-section-height-default\" data-id=\"70a0b177\" data-element_type=\"section\">\n\t\t\t\t\t\t<div class=\"elementor-container elementor-column-gap-extended\">\n\t\t\t\t\t<div class=\"elementor-column elementor-col-100 elementor-top-column elementor-element elementor-element-4e65a59f\" data-id=\"4e65a59f\" data-element_type=\"column\">\n\t\t\t<div class=\"elementor-widget-wrap elementor-element-populated\">\n\t\t\t\t\t\t<div class=\"elementor-element elementor-element-20371b90 elementor-widget elementor-widget-text-editor\" data-id=\"20371b90\" data-element_type=\"widget\" data-widget_type=\"text-editor.default\">\n\t\t\t\t\t\t\t\t\t<ul><li>T\u00fc\u00fcpilised suhtlemisvead. Mis on levinuim viga, mida suhtlemisel teise inimesega tehakse? Mida me t\u00e4na selle kohta juba teame ning milline on suhtlemisvigade evolutsioonine ja neurops\u00fchholoogiline taust?\u00a0<\/li><li>Suhtlemisoskuste t\u00e4htsamad printsiibid ja tehnikad. Hinnangute andmise v\u00e4ltimine. Mina-keele kasutamine. Tagasiside andmine. Kuidas anda (negatiivset) hinnanguvaba t\u00f5husat tagasisidet \u00f5pilasele, l\u00e4hedasele v\u00f5i kolleegile?\u00a0<\/li><li>K\u00e4itumise anal\u00fc\u00fcs, p\u00f5hjuste ja m\u00f5ju m\u00f5istmine. Mis on see, millega me pahatihti ei oska arvestada? Eluline n\u00e4ide koos l\u00e4bitegemisega. Vajadustega arvestamine. \u0160aakali ja kaelkirjaku harjutus. Konflikti juhtimine. Teise inimese \u00e4revuse v\u00f5i agressiivse k\u00e4itumisega hakkamasaamine.\u00a0<\/li><li>Enesejuhtimine. Negatiivsete emotsioonide v\u00e4ltimise ja \u00fcmberl\u00fclitamise v\u00f5imalused. Enesejuhtimise tehnikad.\u00a0<\/li><li>Kuidas \u00f5petada noortele suhtlemis- ja enesekohaseid oskusi? Suhtlemisoskuste \u00f5petamise metoodika STEPS. \u00d5ppematerjalide, \u00f5ppefilmide, grupit\u00f6\u00f6de jm kasutamine.<\/li><\/ul>\t\t\t\t\t\t\t\t<\/div>\n\t\t\t\t\t<\/div>\n\t\t<\/div>\n\t\t\t\t\t<\/div>\n\t\t<\/section>\n\t\t\t\t<section class=\"elementor-section elementor-top-section elementor-element elementor-element-4889d736 elementor-section-boxed elementor-section-height-default elementor-section-height-default\" data-id=\"4889d736\" data-element_type=\"section\" data-settings=\"{&quot;background_background&quot;:&quot;classic&quot;}\">\n\t\t\t\t\t\t<div class=\"elementor-container elementor-column-gap-default\">\n\t\t\t\t\t<div class=\"elementor-column elementor-col-100 elementor-top-column elementor-element elementor-element-aff4522\" data-id=\"aff4522\" data-element_type=\"column\">\n\t\t\t<div class=\"elementor-widget-wrap elementor-element-populated\">\n\t\t\t\t\t\t<div class=\"elementor-element elementor-element-2797f37 elementor-widget__width-initial elementor-widget-tablet__width-initial elementor-widget-mobile__width-initial elementor-widget elementor-widget-heading\" data-id=\"2797f37\" data-element_type=\"widget\" data-widget_type=\"heading.default\">\n\t\t\t\t\t<h2 class=\"elementor-heading-title elementor-size-default\">Ajakava<\/h2>\t\t\t\t<\/div>\n\t\t\t\t<div class=\"elementor-element elementor-element-13ab1431 elementor-widget__width-initial elementor-widget-mobile__width-initial elementor-widget elementor-widget-text-editor\" data-id=\"13ab1431\" data-element_type=\"widget\" data-widget_type=\"text-editor.default\">\n\t\t\t\t\t\t\t\t\t<ul><li>8.30 &#8211; 9.00 Kogunemine ja hommikukohv<\/li><li>9.00 &#8211; 9.15 Sissejuhatus. Koolituse eesm\u00e4rgid, teemad.<\/li><li>9.15 &#8211; 11.30 Koolitus<\/li><li>11.30 &#8211; 12.30 L\u00f5unas\u00f6\u00f6k<\/li><li>12.30 &#8211; 14.00 Koolitus<\/li><li>14.00 &#8211; 14.15 Kohvipaus<\/li><li>14.15 &#8211; 16.00\u00a0<span style=\"font-style: inherit; font-weight: inherit; letter-spacing: 0px;\">Koolitus<\/span><\/li><li>16.00 Koolituse l\u00f5pp<\/li><\/ul>\t\t\t\t\t\t\t\t<\/div>\n\t\t\t\t\t<\/div>\n\t\t<\/div>\n\t\t\t\t\t<\/div>\n\t\t<\/section>\n\t\t\t\t<section class=\"elementor-section elementor-top-section elementor-element elementor-element-6b651cbb elementor-section-boxed elementor-section-height-default elementor-section-height-default\" data-id=\"6b651cbb\" data-element_type=\"section\" data-settings=\"{&quot;background_background&quot;:&quot;classic&quot;}\">\n\t\t\t\t\t\t<div class=\"elementor-container elementor-column-gap-default\">\n\t\t\t\t\t<div class=\"elementor-column elementor-col-100 elementor-top-column elementor-element elementor-element-45fee9ca\" data-id=\"45fee9ca\" data-element_type=\"column\">\n\t\t\t<div class=\"elementor-widget-wrap elementor-element-populated\">\n\t\t\t\t\t\t<div class=\"elementor-element elementor-element-7e425703 elementor-widget__width-initial elementor-widget-mobile__width-initial elementor-widget elementor-widget-text-editor\" data-id=\"7e425703\" data-element_type=\"widget\" data-widget_type=\"text-editor.default\">\n\t\t\t\t\t\t\t\t\t<p>Koolituse hind s\u00f5ltub osalejate arvust, koolituse toimumise kohast ja kestusest. K\u00fcsi pakkumist elina.siilbek@gmail.com v\u00f5i (+372) 509 9885<\/p>\t\t\t\t\t\t\t\t<\/div>\n\t\t\t\t<div class=\"elementor-element elementor-element-688537a1 elementor-align-center elementor-widget elementor-widget-button\" data-id=\"688537a1\" data-element_type=\"widget\" data-widget_type=\"button.default\">\n\t\t\t\t\t\t\t\t\t\t<a class=\"elementor-button elementor-button-link elementor-size-sm\" href=\"https:\/\/ehekoolitus.ee\">\n\t\t\t\t\t\t<span class=\"elementor-button-content-wrapper\">\n\t\t\t\t\t\t\t\t\t<span class=\"elementor-button-text\">Tagasi avalehele<\/span>\n\t\t\t\t\t<\/span>\n\t\t\t\t\t<\/a>\n\t\t\t\t\t\t\t\t<\/div>\n\t\t\t\t\t<\/div>\n\t\t<\/div>\n\t\t\t\t\t<\/div>\n\t\t<\/section>\n\t\t\t\t<\/div>\n\t\t","protected":false},"excerpt":{"rendered":"<p>Koolitus haridusasutustele Kuidas juhtida oma emotsioone ja suhteid? Kuidas \u00f5petada noortele suhtlemis- ja enesekohaseid oskusi? Koolitus \u201cKuidas juhtida oma emotsioone [&hellip;]<\/p>\n","protected":false},"author":1,"featured_media":0,"parent":0,"menu_order":0,"comment_status":"closed","ping_status":"closed","template":"","meta":{"site-sidebar-layout":"no-sidebar","site-content-layout":"","ast-site-content-layout":"full-width-container","site-content-style":"default","site-sidebar-style":"default","ast-global-header-display":"","ast-banner-title-visibility":"","ast-main-header-display":"","ast-hfb-above-header-display":"","ast-hfb-below-header-display":"","ast-hfb-mobile-header-display":"","site-post-title":"disabled","ast-breadcrumbs-content":"","ast-featured-img":"disabled","footer-sml-layout":"","theme-transparent-header-meta":"","adv-header-id-meta":"","stick-header-meta":"","header-above-stick-meta":"","header-main-stick-meta":"","header-below-stick-meta":"","astra-migrate-meta-layouts":"default","ast-page-background-enabled":"default","ast-page-background-meta":{"desktop":{"background-color":"var(--ast-global-color-5)","background-image":"","background-repeat":"repeat","background-position":"center center","background-size":"auto","background-attachment":"scroll","background-type":"","background-media":"","overlay-type":"","overlay-color":"","overlay-opacity":"","overlay-gradient":""},"tablet":{"background-color":"","background-image":"","background-repeat":"repeat","background-position":"center center","background-size":"auto","background-attachment":"scroll","background-type":"","background-media":"","overlay-type":"","overlay-color":"","overlay-opacity":"","overlay-gradient":""},"mobile":{"background-color":"","background-image":"","background-repeat":"repeat","background-position":"center center","background-size":"auto","background-attachment":"scroll","background-type":"","background-media":"","overlay-type":"","overlay-color":"","overlay-opacity":"","overlay-gradient":""}},"ast-content-background-meta":{"desktop":{"background-color":"var(--ast-global-color-4)","background-image":"","background-repeat":"repeat","background-position":"center center","background-size":"auto","background-attachment":"scroll","background-type":"","background-media":"","overlay-type":"","overlay-color":"","overlay-opacity":"","overlay-gradient":""},"tablet":{"background-color":"var(--ast-global-color-4)","background-image":"","background-repeat":"repeat","background-position":"center center","background-size":"auto","background-attachment":"scroll","background-type":"","background-media":"","overlay-type":"","overlay-color":"","overlay-opacity":"","overlay-gradient":""},"mobile":{"background-color":"var(--ast-global-color-4)","background-image":"","background-repeat":"repeat","background-position":"center center","background-size":"auto","background-attachment":"scroll","background-type":"","background-media":"","overlay-type":"","overlay-color":"","overlay-opacity":"","overlay-gradient":""}},"footnotes":""},"class_list":["post-170","page","type-page","status-publish","hentry"],"_links":{"self":[{"href":"https:\/\/ehekoolitus.ee\/index.php?rest_route=\/wp\/v2\/pages\/170","targetHints":{"allow":["GET"]}}],"collection":[{"href":"https:\/\/ehekoolitus.ee\/index.php?rest_route=\/wp\/v2\/pages"}],"about":[{"href":"https:\/\/ehekoolitus.ee\/index.php?rest_route=\/wp\/v2\/types\/page"}],"author":[{"embeddable":true,"href":"https:\/\/ehekoolitus.ee\/index.php?rest_route=\/wp\/v2\/users\/1"}],"replies":[{"embeddable":true,"href":"https:\/\/ehekoolitus.ee\/index.php?rest_route=%2Fwp%2Fv2%2Fcomments&post=170"}],"version-history":[{"count":5,"href":"https:\/\/ehekoolitus.ee\/index.php?rest_route=\/wp\/v2\/pages\/170\/revisions"}],"predecessor-version":[{"id":203,"href":"https:\/\/ehekoolitus.ee\/index.php?rest_route=\/wp\/v2\/pages\/170\/revisions\/203"}],"wp:attachment":[{"href":"https:\/\/ehekoolitus.ee\/index.php?rest_route=%2Fwp%2Fv2%2Fmedia&parent=170"}],"curies":[{"name":"wp","href":"https:\/\/api.w.org\/{rel}","templated":true}]}}